{"id":7212,"date":"2019-03-20T14:53:37","date_gmt":"2019-03-20T13:53:37","guid":{"rendered":"https:\/\/www.cantinettaantinori.mc\/mentions-legales\/"},"modified":"2025-09-15T16:14:48","modified_gmt":"2025-09-15T14:14:48","slug":"mentions-legales","status":"publish","type":"page","link":"https:\/\/www.cantinettaantinori.mc\/fr\/mentions-legales\/","title":{"rendered":"Mentions l\u00e9gales"},"content":{"rendered":"&#13;\n<p><strong>Pr\u00e9sentation du Site <\/strong><\/p>&#13;\n&#13;\n<p>Le Site du restaurant \u00ab CANTINETTA ANTINORI\u00bb est la propri\u00e9t\u00e9 exclusive de la Soci\u00e9t\u00e9 \u00e0 Responsabilit\u00e9 Limit\u00e9e (S.A.R.L) ARRABIATA, au capital de 15 000,00 Euros, dont le si\u00e8ge social est situ\u00e9 11, avenue Princesse Grace, 98000 Monaco, enregistr\u00e9e au R\u00e9pertoire du commerce et de l\u2019industrie de Monaco sous le num\u00e9ro 10S05254, et laquelle exploite un restaurant sous l\u2019enseigne \u00ab CANTINETTA ANTINORI\u00bb.<\/p>&#13;\n&#13;\n<p>Pour tout contact : Service Marketing &#8211; T\u00e9l\u00e9phone : +377 93 10 42 42<\/p>&#13;\n&#13;\n<p>Adresse e-mail : web@giraudi.com.<\/p>&#13;\n&#13;\n<p>Repr\u00e9sentant l\u00e9gal de la soci\u00e9t\u00e9 ARRABIATA : Fran\u00e7oise Lesur<\/p>&#13;\n&#13;\n<p>Responsable du traitement : La soci\u00e9t\u00e9 Giraudi Group Services S.A.M, Le Monte Carlo Sun, 74 boulevard d\u2019Italie, Bloc E\/F, 98000 Monaco.<\/p>&#13;\n&#13;\n<p>L\u2019h\u00e9bergeur du Site est la soci\u00e9t\u00e9 OVH, dont le si\u00e8ge social est situ\u00e9 2 rue Kellermann, 59053 ROUBAIX.<\/p>&#13;\n&#13;\n<p><strong>Conditions g\u00e9n\u00e9rales d\u2019utilisation du Site <\/strong><\/p>&#13;\n&#13;\n<p>L\u2019utilisation du Site implique l\u2019acceptation pleine et enti\u00e8re par l\u2019utilisateur des conditions ci-apr\u00e8s d\u00e9crites. Ces conditions sont susceptibles d\u2019\u00eatre modifi\u00e9es ou compl\u00e9t\u00e9es \u00e0 tout moment par la soci\u00e9t\u00e9 Giraudi Group Services SAM. Les utilisateurs du Site sont invit\u00e9s \u00e0 consulter r\u00e9guli\u00e8rement ces conditions g\u00e9n\u00e9rales.<\/p>&#13;\n&#13;\n<p><strong>Propri\u00e9t\u00e9 intellectuelle et contrefa\u00e7ons<\/strong><\/p>&#13;\n&#13;\n<p>La soci\u00e9t\u00e9 Giraudi Group Services SAM. g\u00e8re la propri\u00e9t\u00e9 exclusive des Droits de Propri\u00e9t\u00e9 Intellectuelle et des \u00e9l\u00e9ments accessibles sur le Site, notamment : le texte, les images, les marques, les logos, les ic\u00f4nes et les logiciels.<\/p>&#13;\n&#13;\n<p><strong>Limitations de responsabilit\u00e9 <\/strong><\/p>&#13;\n&#13;\n<p>La soci\u00e9t\u00e9 Giraudi Group Services SAM ne donne aucune garantie, implicite ou explicite, concernant le fonctionnement, et\/ou le contenu du Site et ne sera pas tenu responsable des dommages, directs ou indirects, commerciaux ou non, r\u00e9sultant de l&rsquo;utilisation du Site.<\/p>&#13;\n&#13;\n<p>En outre, la soci\u00e9t\u00e9 Giraudi Group Services SAM ne garantit pas la continuit\u00e9, l&rsquo;acc\u00e8s et la disponibilit\u00e9 du fonctionnement du Site et des services aff\u00e9rents. En outre, elle d\u00e9cline toute responsabilit\u00e9 relative aux virus qui pourraient \u00eatre import\u00e9s lors du t\u00e9l\u00e9chargement de l&rsquo;un des \u00e9l\u00e9ments du Site ou des sites auxquels renvoi est op\u00e9r\u00e9 par le biais de liens hypertextes.<\/p>&#13;\n&#13;\n<p><strong>Collecte et traitement des donn\u00e9es personnelles &#8211; droit d\u2019acc\u00e8s<\/strong><\/p>&#13;\n&#13;\n<p>Toutes les donn\u00e9es personnelles collect\u00e9es par le site du restaurant \u00ab CANTINETTA ANTINORI\u00bb peuvent faire l\u2019objet d\u2019un traitement automatis\u00e9, et sont destin\u00e9es uniquement \u00e0 un usage interne au Groupe Giraudi et \u00e0 la gestion de son syst\u00e8me centralis\u00e9 de r\u00e9servation. Ces donn\u00e9es ne sont en aucun cas c\u00e9d\u00e9es \u00e0 des tiers, sauf prestataires autoris\u00e9s. L\u2019utilisateur du Site fournit ses informations personnelles en toute connaissance de cause, notamment lorsqu\u2019il proc\u00e8de par lui-m\u00eame \u00e0 cette saisie. Il est alors pr\u00e9cis\u00e9 \u00e0 l\u2019utilisateur l\u2019obligation ou non de fournir ces informations.<\/p>&#13;\n&#13;\n<p>Conform\u00e9ment \u00e0 la loi n\u00b0 1.165 du 23 d\u00e9cembre 1993 relative \u00e0 la protection des informations nominatives, l&rsquo;utilisateur du Site dispose d&rsquo;un droit d&rsquo;acc\u00e8s, de rectification, d\u2019opposition et de suppression des informations nominatives le concernant. Adresse email : <a href=\"mailto:data@giraudi.com\">data@giraudi.com<\/a><\/p>&#13;\n&#13;\n<p><strong>Liens hypertextes et cookies <\/strong><\/p>&#13;\n&#13;\n<p>Le Site peut offrir des liens vers d\u2019autres sites internet ou d\u2019autres ressources disponibles sur Internet, mis en place avec l\u2019autorisation de la soci\u00e9t\u00e9 Giraudi Group Services SAM. <\/p>&#13;\n<p>Cependant, la soci\u00e9t\u00e9 Giraudi Group Services SAM ne r\u00e9pond pas de la disponibilit\u00e9 de tels sites et sources externes, ni ne la garantit et ne peut \u00eatre tenue pour responsable de tout dommage, de quelque nature que ce soit, r\u00e9sultant du contenu de ces sites ou sources externes, et notamment des informations, produits ou services qu\u2019ils proposent, ou de tout usage qui peut \u00eatre fait de ces \u00e9l\u00e9ments.<\/p>&#13;\n<p>Les risques li\u00e9s \u00e0 cette utilisation incombent pleinement \u00e0 l&rsquo;utilisateur du Site, qui doit se conformer \u00e0 leurs conditions d&rsquo;utilisation.<\/p>&#13;\n<p>En outre, la navigation sur le Site est susceptible de provoquer l\u2019installation de cookies sur l\u2019ordinateur de l\u2019utilisateur. La soci\u00e9t\u00e9 Giraudi Group Services SAM prend le soin d\u2019informer l\u2019utilisateur du Site de la finalit\u00e9 des cookies, obtenir son consentement et lui fournir un moyen de les refuser.<\/p>&#13;\n<p>Tout utilisateur du Site peut s\u2019opposer \u00e0 l&rsquo;enregistrement de cookies en configurant son navigateur. N\u00e9anmoins, le refus d\u2019installation de cookies peut entrainer l\u2019impossibilit\u00e9 d\u2019acc\u00e9der \u00e0 certains services propos\u00e9s sur le Site.<\/p>&#13;\n&#13;\n<p><strong>Droit applicable et attribution de juridiction<\/strong><\/p>&#13;\n&#13;\n<p>Tout litige en relation avec l\u2019utilisation du Site est soumis au droit mon\u00e9gasque. Il est fait attribution exclusive de juridiction aux Tribunaux comp\u00e9tents de la Principaut\u00e9 de Monaco.<\/p>&#13;\n","protected":false},"excerpt":{"rendered":"<p>&#13; Pr\u00e9sentation du Site &#13; &#13; Le Site du restaurant \u00ab CANTINETTA ANTINORI\u00bb est la propri\u00e9t\u00e9 exclusive de la Soci\u00e9t\u00e9 [&hellip;]<\/p>\n","protected":false},"author":1,"featured_media":0,"parent":0,"menu_order":0,"comment_status":"closed","ping_status":"closed","template":"","meta":{"footnotes":""},"class_list":["post-7212","page","type-page","status-publish","hentry"],"yoast_head":"<!-- This site is optimized with the Yoast SEO plugin v27.3 - https:\/\/yoast.com\/product\/yoast-seo-wordpress\/ -->\n<title>Mentions L\u00e9gales<\/title>\n<meta name=\"robots\" content=\"index, follow, max-snippet:-1, max-image-preview:large, max-video-preview:-1\" \/>\n<link rel=\"canonical\" href=\"https:\/\/www.cantinettaantinori.mc\/fr\/mentions-legales\/\" \/>\n<meta property=\"og:locale\" content=\"fr_FR\" \/>\n<meta property=\"og:type\" content=\"article\" \/>\n<meta property=\"og:title\" content=\"Mentions L\u00e9gales\" \/>\n<meta property=\"og:description\" content=\"&#013; Pr\u00e9sentation du Site &#013; &#013; Le Site du restaurant \u00ab CANTINETTA ANTINORI\u00bb est la propri\u00e9t\u00e9 exclusive de la Soci\u00e9t\u00e9 [&hellip;]\" \/>\n<meta property=\"og:url\" content=\"https:\/\/www.cantinettaantinori.mc\/fr\/mentions-legales\/\" \/>\n<meta property=\"og:site_name\" content=\"CANTINETTA ANTINORI\" \/>\n<meta property=\"article:modified_time\" content=\"2025-09-15T14:14:48+00:00\" \/>\n<meta name=\"twitter:card\" content=\"summary_large_image\" \/>\n<meta name=\"twitter:label1\" content=\"Dur\u00e9e de lecture estim\u00e9e\" \/>\n\t<meta name=\"twitter:data1\" content=\"4 minutes\" \/>\n<script type=\"application\/ld+json\" class=\"yoast-schema-graph\">{\"@context\":\"https:\\\/\\\/schema.org\",\"@graph\":[{\"@type\":\"WebPage\",\"@id\":\"https:\\\/\\\/www.cantinettaantinori.mc\\\/fr\\\/mentions-legales\\\/\",\"url\":\"https:\\\/\\\/www.cantinettaantinori.mc\\\/fr\\\/mentions-legales\\\/\",\"name\":\"Mentions L\u00e9gales\",\"isPartOf\":{\"@id\":\"https:\\\/\\\/www.cantinettaantinori.mc\\\/fr\\\/#website\"},\"datePublished\":\"2019-03-20T13:53:37+00:00\",\"dateModified\":\"2025-09-15T14:14:48+00:00\",\"breadcrumb\":{\"@id\":\"https:\\\/\\\/www.cantinettaantinori.mc\\\/fr\\\/mentions-legales\\\/#breadcrumb\"},\"inLanguage\":\"fr-FR\",\"potentialAction\":[{\"@type\":\"ReadAction\",\"target\":[\"https:\\\/\\\/www.cantinettaantinori.mc\\\/fr\\\/mentions-legales\\\/\"]}]},{\"@type\":\"BreadcrumbList\",\"@id\":\"https:\\\/\\\/www.cantinettaantinori.mc\\\/fr\\\/mentions-legales\\\/#breadcrumb\",\"itemListElement\":[{\"@type\":\"ListItem\",\"position\":1,\"name\":\"Home\",\"item\":\"https:\\\/\\\/www.cantinettaantinori.mc\\\/fr\\\/\"},{\"@type\":\"ListItem\",\"position\":2,\"name\":\"Mentions l\u00e9gales\"}]},{\"@type\":\"WebSite\",\"@id\":\"https:\\\/\\\/www.cantinettaantinori.mc\\\/fr\\\/#website\",\"url\":\"https:\\\/\\\/www.cantinettaantinori.mc\\\/fr\\\/\",\"name\":\"CANTINETTA ANTINORI\",\"description\":\"\",\"potentialAction\":[{\"@type\":\"SearchAction\",\"target\":{\"@type\":\"EntryPoint\",\"urlTemplate\":\"https:\\\/\\\/www.cantinettaantinori.mc\\\/fr\\\/?s={search_term_string}\"},\"query-input\":{\"@type\":\"PropertyValueSpecification\",\"valueRequired\":true,\"valueName\":\"search_term_string\"}}],\"inLanguage\":\"fr-FR\"}]}<\/script>\n<!-- \/ Yoast SEO plugin. -->","yoast_head_json":{"title":"Mentions L\u00e9gales","robots":{"index":"index","follow":"follow","max-snippet":"max-snippet:-1","max-image-preview":"max-image-preview:large","max-video-preview":"max-video-preview:-1"},"canonical":"https:\/\/www.cantinettaantinori.mc\/fr\/mentions-legales\/","og_locale":"fr_FR","og_type":"article","og_title":"Mentions L\u00e9gales","og_description":"&#13; Pr\u00e9sentation du Site &#13; &#13; Le Site du restaurant \u00ab CANTINETTA ANTINORI\u00bb est la propri\u00e9t\u00e9 exclusive de la Soci\u00e9t\u00e9 [&hellip;]","og_url":"https:\/\/www.cantinettaantinori.mc\/fr\/mentions-legales\/","og_site_name":"CANTINETTA ANTINORI","article_modified_time":"2025-09-15T14:14:48+00:00","twitter_card":"summary_large_image","twitter_misc":{"Dur\u00e9e de lecture estim\u00e9e":"4 minutes"},"schema":{"@context":"https:\/\/schema.org","@graph":[{"@type":"WebPage","@id":"https:\/\/www.cantinettaantinori.mc\/fr\/mentions-legales\/","url":"https:\/\/www.cantinettaantinori.mc\/fr\/mentions-legales\/","name":"Mentions L\u00e9gales","isPartOf":{"@id":"https:\/\/www.cantinettaantinori.mc\/fr\/#website"},"datePublished":"2019-03-20T13:53:37+00:00","dateModified":"2025-09-15T14:14:48+00:00","breadcrumb":{"@id":"https:\/\/www.cantinettaantinori.mc\/fr\/mentions-legales\/#breadcrumb"},"inLanguage":"fr-FR","potentialAction":[{"@type":"ReadAction","target":["https:\/\/www.cantinettaantinori.mc\/fr\/mentions-legales\/"]}]},{"@type":"BreadcrumbList","@id":"https:\/\/www.cantinettaantinori.mc\/fr\/mentions-legales\/#breadcrumb","itemListElement":[{"@type":"ListItem","position":1,"name":"Home","item":"https:\/\/www.cantinettaantinori.mc\/fr\/"},{"@type":"ListItem","position":2,"name":"Mentions l\u00e9gales"}]},{"@type":"WebSite","@id":"https:\/\/www.cantinettaantinori.mc\/fr\/#website","url":"https:\/\/www.cantinettaantinori.mc\/fr\/","name":"CANTINETTA ANTINORI","description":"","potentialAction":[{"@type":"SearchAction","target":{"@type":"EntryPoint","urlTemplate":"https:\/\/www.cantinettaantinori.mc\/fr\/?s={search_term_string}"},"query-input":{"@type":"PropertyValueSpecification","valueRequired":true,"valueName":"search_term_string"}}],"inLanguage":"fr-FR"}]}},"_links":{"self":[{"href":"https:\/\/www.cantinettaantinori.mc\/fr\/wp-json\/wp\/v2\/pages\/7212","targetHints":{"allow":["GET"]}}],"collection":[{"href":"https:\/\/www.cantinettaantinori.mc\/fr\/wp-json\/wp\/v2\/pages"}],"about":[{"href":"https:\/\/www.cantinettaantinori.mc\/fr\/wp-json\/wp\/v2\/types\/page"}],"author":[{"embeddable":true,"href":"https:\/\/www.cantinettaantinori.mc\/fr\/wp-json\/wp\/v2\/users\/1"}],"replies":[{"embeddable":true,"href":"https:\/\/www.cantinettaantinori.mc\/fr\/wp-json\/wp\/v2\/comments?post=7212"}],"version-history":[{"count":1,"href":"https:\/\/www.cantinettaantinori.mc\/fr\/wp-json\/wp\/v2\/pages\/7212\/revisions"}],"predecessor-version":[{"id":7213,"href":"https:\/\/www.cantinettaantinori.mc\/fr\/wp-json\/wp\/v2\/pages\/7212\/revisions\/7213"}],"wp:attachment":[{"href":"https:\/\/www.cantinettaantinori.mc\/fr\/wp-json\/wp\/v2\/media?parent=7212"}],"curies":[{"name":"wp","href":"https:\/\/api.w.org\/{rel}","templated":true}]}}