{"id":7215,"date":"2024-12-23T12:48:18","date_gmt":"2024-12-23T11:48:18","guid":{"rendered":"https:\/\/www.cantinettaantinori.mc\/linktree\/"},"modified":"2025-09-29T10:52:08","modified_gmt":"2025-09-29T08:52:08","slug":"linktree","status":"publish","type":"page","link":"https:\/\/www.cantinettaantinori.mc\/fr\/linktree\/","title":{"rendered":"Linktree"},"content":{"rendered":"<div class=\"wpb-content-wrapper\"><p>[vc_row unlock_row_content=\u00a0\u00bbyes\u00a0\u00bb row_height_percent=\u00a0\u00bb100&Prime; back_image=\u00a0\u00bb6578&Prime; overlay_alpha=\u00a0\u00bb50&Prime; gutter_size=\u00a0\u00bb3&Prime; column_width_percent=\u00a0\u00bb100&Prime; shift_y=\u00a0\u00bb0&Prime; z_index=\u00a0\u00bb0&Prime; uncode_shortcode_id=\u00a0\u00bb136057&Prime;][vc_column width=\u00a0\u00bb1\/4&Prime;][\/vc_column][vc_column column_width_percent=\u00a0\u00bb100&Prime; position_vertical=\u00a0\u00bbmiddle\u00a0\u00bb align_horizontal=\u00a0\u00bbalign_center\u00a0\u00bb gutter_size=\u00a0\u00bb3&Prime; override_padding=\u00a0\u00bbyes\u00a0\u00bb column_padding=\u00a0\u00bb3&Prime; overlay_color=\u00a0\u00bbcolor-xsdn\u00a0\u00bb overlay_alpha=\u00a0\u00bb95&Prime; radius=\u00a0\u00bbstd\u00a0\u00bb shadow=\u00a0\u00bbstd\u00a0\u00bb shadow_darker=\u00a0\u00bbyes\u00a0\u00bb shift_x=\u00a0\u00bb0&Prime; shift_y=\u00a0\u00bb0&Prime; shift_y_down=\u00a0\u00bb0&Prime; z_index=\u00a0\u00bb0&Prime; medium_width=\u00a0\u00bb0&Prime; mobile_width=\u00a0\u00bb0&Prime; width=\u00a0\u00bb1\/2&Prime; uncode_shortcode_id=\u00a0\u00bb119943&Prime; overlay_color_type=\u00a0\u00bbuncode-palette\u00a0\u00bb][vc_row_inner row_inner_height_percent=\u00a0\u00bb0&Prime; overlay_alpha=\u00a0\u00bb50&Prime; gutter_size=\u00a0\u00bb5&Prime; shift_y=\u00a0\u00bb0&Prime; z_index=\u00a0\u00bb0&Prime; uncode_shortcode_id=\u00a0\u00bb111138&Prime;][vc_column_inner column_width_percent=\u00a0\u00bb100&Prime; position_vertical=\u00a0\u00bbmiddle\u00a0\u00bb align_horizontal=\u00a0\u00bbalign_center\u00a0\u00bb gutter_size=\u00a0\u00bb3&Prime; overlay_alpha=\u00a0\u00bb50&Prime; shift_x=\u00a0\u00bb0&Prime; shift_y=\u00a0\u00bb0&Prime; shift_y_down=\u00a0\u00bb0&Prime; z_index=\u00a0\u00bb0&Prime; medium_width=\u00a0\u00bb0&Prime; mobile_width=\u00a0\u00bb0&Prime; width=\u00a0\u00bb1\/1&Prime; uncode_shortcode_id=\u00a0\u00bb905709&Prime;][vc_custom_heading text_size=\u00a0\u00bbh4&Prime; text_weight=\u00a0\u00bb500&Prime; uncode_shortcode_id=\u00a0\u00bb171604&Prime;]<span class=\"font-190184\"><a href=\"https:\/\/www.cantinettaantinori.mc\/fr\" target=\"_blank\" rel=\"noopener\">VISITEZ NOTRE SITE WEB<\/a><\/span>[\/vc_custom_heading][vc_separator sep_color=\u00a0\u00bb\u00a0\u00bb uncode_shortcode_id=\u00a0\u00bb122522&Prime;][vc_custom_heading text_size=\u00a0\u00bbh4&Prime; text_weight=\u00a0\u00bb500&Prime; uncode_shortcode_id=\u00a0\u00bb111263&Prime;]<span class=\"font-190184\"><a href=\"https:\/\/www.sevenrooms.com\/explore\/cantinettaantinori\/reservations\/create\/search?tracking=linktree&amp;venues=africanqueen%2Cbeefbarmonaco%2Csongqi%2Cmoshimoshi%2Ccozza%2Ccantinettaantinori%2Czeffirino1939monaco\" target=\"_blank\" rel=\"noopener\">R\u00c9SERVATION<\/a><\/span>[\/vc_custom_heading][vc_separator sep_color=\u00a0\u00bb\u00a0\u00bb uncode_shortcode_id=\u00a0\u00bb122522&Prime;][vc_custom_heading text_size=\u00a0\u00bbh4&Prime; text_weight=\u00a0\u00bb500&Prime; uncode_shortcode_id=\u00a0\u00bb101236&Prime;]<span class=\"font-190184\"><a href=\"https:\/\/www.cantinettaantinori.mc\/fr\/menus\/\" target=\"_blank\" rel=\"noopener\">MENUS<\/a><\/span>[\/vc_custom_heading][vc_separator sep_color=\u00a0\u00bb\u00a0\u00bb uncode_shortcode_id=\u00a0\u00bb122522&Prime;][vc_custom_heading text_size=\u00a0\u00bbh4&Prime; text_weight=\u00a0\u00bb500&Prime; uncode_shortcode_id=\u00a0\u00bb187419&Prime;]<span class=\"font-190184\"><img decoding=\"async\" class=\"alignnone wp-image-7055\" src=\"https:\/\/www.cantinettaantinori.mc\/wp-content\/uploads\/2024\/12\/logo-rond-delovery-150x150.png\" alt=\"LOGO DELOVERY\" width=\"25\" height=\"25\" srcset=\"https:\/\/www.cantinettaantinori.mc\/wp-content\/uploads\/2024\/12\/logo-rond-delovery-150x150.png 150w, https:\/\/www.cantinettaantinori.mc\/wp-content\/uploads\/2024\/12\/logo-rond-delovery-300x300.png 300w, https:\/\/www.cantinettaantinori.mc\/wp-content\/uploads\/2024\/12\/logo-rond-delovery-350x350.png 350w, https:\/\/www.cantinettaantinori.mc\/wp-content\/uploads\/2024\/12\/logo-rond-delovery-348x348.png 348w, https:\/\/www.cantinettaantinori.mc\/wp-content\/uploads\/2024\/12\/logo-rond-delovery.png 500w\" sizes=\"(max-width: 25px) 100vw, 25px\" \/> <a href=\"https:\/\/www.delovery.mc\/restaurants\/cantinetta-antinori-10?period=3\" target=\"_blank\" rel=\"noopener\">LIVRAISON<\/a><\/span>[\/vc_custom_heading][vc_separator sep_color=\u00a0\u00bb\u00a0\u00bb uncode_shortcode_id=\u00a0\u00bb122522&Prime;][vc_custom_heading text_size=\u00a0\u00bbh4&Prime; text_weight=\u00a0\u00bb500&Prime; uncode_shortcode_id=\u00a0\u00bb118037&Prime;]<span class=\"font-190184\"><a href=\"https:\/\/www.riccardogiraudi.com\/groups-parties\/\" target=\"_blank\" rel=\"noopener\">\u00c9V\u00c9NEMENTS &amp; REPAS PRIV\u00c9S<\/a><\/span>[\/vc_custom_heading][vc_separator sep_color=\u00a0\u00bb\u00a0\u00bb uncode_shortcode_id=\u00a0\u00bb122522&Prime;][vc_custom_heading text_size=\u00a0\u00bbh4&Prime; text_weight=\u00a0\u00bb500&Prime; uncode_shortcode_id=\u00a0\u00bb750691&Prime;]<span class=\"font-190184\"><a href=\"tel:+37797770880\" target=\"_blank\" rel=\"noopener\">CONTACT<\/a><\/span>[\/vc_custom_heading][vc_separator sep_color=\u00a0\u00bb\u00a0\u00bb uncode_shortcode_id=\u00a0\u00bb122522&Prime;][vc_custom_heading text_size=\u00a0\u00bbh4&Prime; text_weight=\u00a0\u00bb500&Prime; uncode_shortcode_id=\u00a0\u00bb120988&Prime;]<i class=\"fa fa-spotify\"><\/i> <span class=\"font-190184\"><a href=\"https:\/\/open.spotify.com\/user\/6skn99klyl49545e26x026knq\/playlists?flow_ctx=911f9f72-2a04-4148-a26e-878c05a4c4f7%3A1734973212\" target=\"_blank\" rel=\"noopener\">PLAYLIST<\/a><\/span>[\/vc_custom_heading][vc_separator sep_color=\u00a0\u00bb\u00a0\u00bb uncode_shortcode_id=\u00a0\u00bb122522&Prime;][vc_custom_heading text_size=\u00a0\u00bbh4&Prime; text_weight=\u00a0\u00bb500&Prime; uncode_shortcode_id=\u00a0\u00bb195740&Prime;]<span class=\"font-190184\"><a href=\"https:\/\/www.riccardogiraudi.com\/careers\/\" target=\"_blank\" rel=\"noopener\">CARRI\u00c8RES<\/a><\/span>[\/vc_custom_heading][\/vc_column_inner][\/vc_row_inner][\/vc_column][vc_column width=\u00a0\u00bb1\/4&Prime;][\/vc_column][\/vc_row]<\/p>\n<\/div>","protected":false},"excerpt":{"rendered":"<p>[vc_row unlock_row_content=\u00a0\u00bbyes\u00a0\u00bb row_height_percent=\u00a0\u00bb100&Prime; back_image=\u00a0\u00bb6578&Prime; overlay_alpha=\u00a0\u00bb50&Prime; gutter_size=\u00a0\u00bb3&Prime; column_width_percent=\u00a0\u00bb100&Prime; shift_y=\u00a0\u00bb0&Prime; z_index=\u00a0\u00bb0&Prime; uncode_shortcode_id=\u00a0\u00bb136057&Prime;][vc_column width=\u00a0\u00bb1\/4&Prime;][\/vc_column][vc_column column_width_percent=\u00a0\u00bb100&Prime; position_vertical=\u00a0\u00bbmiddle\u00a0\u00bb align_horizontal=\u00a0\u00bbalign_center\u00a0\u00bb gutter_size=\u00a0\u00bb3&Prime; override_padding=\u00a0\u00bbyes\u00a0\u00bb column_padding=\u00a0\u00bb3&Prime; overlay_color=\u00a0\u00bbcolor-xsdn\u00a0\u00bb overlay_alpha=\u00a0\u00bb95&Prime; radius=\u00a0\u00bbstd\u00a0\u00bb [&hellip;]<\/p>\n","protected":false},"author":1,"featured_media":0,"parent":0,"menu_order":0,"comment_status":"closed","ping_status":"closed","template":"","meta":{"footnotes":""},"class_list":["post-7215","page","type-page","status-publish","hentry"],"yoast_head":"<!-- This site is optimized with the Yoast SEO plugin v27.4 - https:\/\/yoast.com\/product\/yoast-seo-wordpress\/ -->\n<title>Linktree - CANTINETTA ANTINORI<\/title>\n<meta name=\"robots\" content=\"index, follow, max-snippet:-1, max-image-preview:large, max-video-preview:-1\" \/>\n<link rel=\"canonical\" href=\"https:\/\/www.cantinettaantinori.mc\/fr\/linktree\/\" \/>\n<meta property=\"og:locale\" content=\"fr_FR\" \/>\n<meta property=\"og:type\" content=\"article\" \/>\n<meta property=\"og:title\" content=\"Linktree - CANTINETTA ANTINORI\" \/>\n<meta property=\"og:description\" content=\"[vc_row unlock_row_content=\u00a0\u00bbyes\u00a0\u00bb row_height_percent=\u00a0\u00bb100&Prime; back_image=\u00a0\u00bb6578&Prime; overlay_alpha=\u00a0\u00bb50&Prime; gutter_size=\u00a0\u00bb3&Prime; column_width_percent=\u00a0\u00bb100&Prime; shift_y=\u00a0\u00bb0&Prime; z_index=\u00a0\u00bb0&Prime; uncode_shortcode_id=\u00a0\u00bb136057&Prime;][vc_column width=\u00a0\u00bb1\/4&Prime;][\/vc_column][vc_column column_width_percent=\u00a0\u00bb100&Prime; position_vertical=\u00a0\u00bbmiddle\u00a0\u00bb align_horizontal=\u00a0\u00bbalign_center\u00a0\u00bb gutter_size=\u00a0\u00bb3&Prime; override_padding=\u00a0\u00bbyes\u00a0\u00bb column_padding=\u00a0\u00bb3&Prime; overlay_color=\u00a0\u00bbcolor-xsdn\u00a0\u00bb overlay_alpha=\u00a0\u00bb95&Prime; radius=\u00a0\u00bbstd\u00a0\u00bb [&hellip;]\" \/>\n<meta property=\"og:url\" content=\"https:\/\/www.cantinettaantinori.mc\/fr\/linktree\/\" \/>\n<meta property=\"og:site_name\" content=\"CANTINETTA ANTINORI\" \/>\n<meta property=\"article:modified_time\" content=\"2025-09-29T08:52:08+00:00\" \/>\n<meta property=\"og:image\" content=\"https:\/\/www.cantinettaantinori.mc\/wp-content\/uploads\/2024\/12\/logo-rond-delovery.png\" \/>\n\t<meta property=\"og:image:width\" content=\"500\" \/>\n\t<meta property=\"og:image:height\" content=\"500\" \/>\n\t<meta property=\"og:image:type\" content=\"image\/png\" \/>\n<meta name=\"twitter:card\" content=\"summary_large_image\" \/>\n<meta name=\"twitter:label1\" content=\"Dur\u00e9e de lecture estim\u00e9e\" \/>\n\t<meta name=\"twitter:data1\" content=\"2 minutes\" \/>\n<script type=\"application\/ld+json\" class=\"yoast-schema-graph\">{\"@context\":\"https:\\\/\\\/schema.org\",\"@graph\":[{\"@type\":\"WebPage\",\"@id\":\"https:\\\/\\\/www.cantinettaantinori.mc\\\/fr\\\/linktree\\\/\",\"url\":\"https:\\\/\\\/www.cantinettaantinori.mc\\\/fr\\\/linktree\\\/\",\"name\":\"Linktree - CANTINETTA ANTINORI\",\"isPartOf\":{\"@id\":\"https:\\\/\\\/www.cantinettaantinori.mc\\\/fr\\\/#website\"},\"primaryImageOfPage\":{\"@id\":\"https:\\\/\\\/www.cantinettaantinori.mc\\\/fr\\\/linktree\\\/#primaryimage\"},\"image\":{\"@id\":\"https:\\\/\\\/www.cantinettaantinori.mc\\\/fr\\\/linktree\\\/#primaryimage\"},\"thumbnailUrl\":\"https:\\\/\\\/www.cantinettaantinori.mc\\\/wp-content\\\/uploads\\\/2024\\\/12\\\/logo-rond-delovery-150x150.png\",\"datePublished\":\"2024-12-23T11:48:18+00:00\",\"dateModified\":\"2025-09-29T08:52:08+00:00\",\"breadcrumb\":{\"@id\":\"https:\\\/\\\/www.cantinettaantinori.mc\\\/fr\\\/linktree\\\/#breadcrumb\"},\"inLanguage\":\"fr-FR\",\"potentialAction\":[{\"@type\":\"ReadAction\",\"target\":[\"https:\\\/\\\/www.cantinettaantinori.mc\\\/fr\\\/linktree\\\/\"]}]},{\"@type\":\"ImageObject\",\"inLanguage\":\"fr-FR\",\"@id\":\"https:\\\/\\\/www.cantinettaantinori.mc\\\/fr\\\/linktree\\\/#primaryimage\",\"url\":\"https:\\\/\\\/www.cantinettaantinori.mc\\\/wp-content\\\/uploads\\\/2024\\\/12\\\/logo-rond-delovery-150x150.png\",\"contentUrl\":\"https:\\\/\\\/www.cantinettaantinori.mc\\\/wp-content\\\/uploads\\\/2024\\\/12\\\/logo-rond-delovery-150x150.png\"},{\"@type\":\"BreadcrumbList\",\"@id\":\"https:\\\/\\\/www.cantinettaantinori.mc\\\/fr\\\/linktree\\\/#breadcrumb\",\"itemListElement\":[{\"@type\":\"ListItem\",\"position\":1,\"name\":\"Home\",\"item\":\"https:\\\/\\\/www.cantinettaantinori.mc\\\/fr\\\/\"},{\"@type\":\"ListItem\",\"position\":2,\"name\":\"Linktree\"}]},{\"@type\":\"WebSite\",\"@id\":\"https:\\\/\\\/www.cantinettaantinori.mc\\\/fr\\\/#website\",\"url\":\"https:\\\/\\\/www.cantinettaantinori.mc\\\/fr\\\/\",\"name\":\"CANTINETTA ANTINORI\",\"description\":\"\",\"potentialAction\":[{\"@type\":\"SearchAction\",\"target\":{\"@type\":\"EntryPoint\",\"urlTemplate\":\"https:\\\/\\\/www.cantinettaantinori.mc\\\/fr\\\/?s={search_term_string}\"},\"query-input\":{\"@type\":\"PropertyValueSpecification\",\"valueRequired\":true,\"valueName\":\"search_term_string\"}}],\"inLanguage\":\"fr-FR\"}]}<\/script>\n<!-- \/ Yoast SEO plugin. -->","yoast_head_json":{"title":"Linktree - CANTINETTA ANTINORI","robots":{"index":"index","follow":"follow","max-snippet":"max-snippet:-1","max-image-preview":"max-image-preview:large","max-video-preview":"max-video-preview:-1"},"canonical":"https:\/\/www.cantinettaantinori.mc\/fr\/linktree\/","og_locale":"fr_FR","og_type":"article","og_title":"Linktree - CANTINETTA ANTINORI","og_description":"[vc_row unlock_row_content=\u00a0\u00bbyes\u00a0\u00bb row_height_percent=\u00a0\u00bb100&Prime; back_image=\u00a0\u00bb6578&Prime; overlay_alpha=\u00a0\u00bb50&Prime; gutter_size=\u00a0\u00bb3&Prime; column_width_percent=\u00a0\u00bb100&Prime; shift_y=\u00a0\u00bb0&Prime; z_index=\u00a0\u00bb0&Prime; uncode_shortcode_id=\u00a0\u00bb136057&Prime;][vc_column width=\u00a0\u00bb1\/4&Prime;][\/vc_column][vc_column column_width_percent=\u00a0\u00bb100&Prime; position_vertical=\u00a0\u00bbmiddle\u00a0\u00bb align_horizontal=\u00a0\u00bbalign_center\u00a0\u00bb gutter_size=\u00a0\u00bb3&Prime; override_padding=\u00a0\u00bbyes\u00a0\u00bb column_padding=\u00a0\u00bb3&Prime; overlay_color=\u00a0\u00bbcolor-xsdn\u00a0\u00bb overlay_alpha=\u00a0\u00bb95&Prime; radius=\u00a0\u00bbstd\u00a0\u00bb [&hellip;]","og_url":"https:\/\/www.cantinettaantinori.mc\/fr\/linktree\/","og_site_name":"CANTINETTA ANTINORI","article_modified_time":"2025-09-29T08:52:08+00:00","og_image":[{"width":500,"height":500,"url":"https:\/\/www.cantinettaantinori.mc\/wp-content\/uploads\/2024\/12\/logo-rond-delovery.png","type":"image\/png"}],"twitter_card":"summary_large_image","twitter_misc":{"Dur\u00e9e de lecture estim\u00e9e":"2 minutes"},"schema":{"@context":"https:\/\/schema.org","@graph":[{"@type":"WebPage","@id":"https:\/\/www.cantinettaantinori.mc\/fr\/linktree\/","url":"https:\/\/www.cantinettaantinori.mc\/fr\/linktree\/","name":"Linktree - CANTINETTA ANTINORI","isPartOf":{"@id":"https:\/\/www.cantinettaantinori.mc\/fr\/#website"},"primaryImageOfPage":{"@id":"https:\/\/www.cantinettaantinori.mc\/fr\/linktree\/#primaryimage"},"image":{"@id":"https:\/\/www.cantinettaantinori.mc\/fr\/linktree\/#primaryimage"},"thumbnailUrl":"https:\/\/www.cantinettaantinori.mc\/wp-content\/uploads\/2024\/12\/logo-rond-delovery-150x150.png","datePublished":"2024-12-23T11:48:18+00:00","dateModified":"2025-09-29T08:52:08+00:00","breadcrumb":{"@id":"https:\/\/www.cantinettaantinori.mc\/fr\/linktree\/#breadcrumb"},"inLanguage":"fr-FR","potentialAction":[{"@type":"ReadAction","target":["https:\/\/www.cantinettaantinori.mc\/fr\/linktree\/"]}]},{"@type":"ImageObject","inLanguage":"fr-FR","@id":"https:\/\/www.cantinettaantinori.mc\/fr\/linktree\/#primaryimage","url":"https:\/\/www.cantinettaantinori.mc\/wp-content\/uploads\/2024\/12\/logo-rond-delovery-150x150.png","contentUrl":"https:\/\/www.cantinettaantinori.mc\/wp-content\/uploads\/2024\/12\/logo-rond-delovery-150x150.png"},{"@type":"BreadcrumbList","@id":"https:\/\/www.cantinettaantinori.mc\/fr\/linktree\/#breadcrumb","itemListElement":[{"@type":"ListItem","position":1,"name":"Home","item":"https:\/\/www.cantinettaantinori.mc\/fr\/"},{"@type":"ListItem","position":2,"name":"Linktree"}]},{"@type":"WebSite","@id":"https:\/\/www.cantinettaantinori.mc\/fr\/#website","url":"https:\/\/www.cantinettaantinori.mc\/fr\/","name":"CANTINETTA ANTINORI","description":"","potentialAction":[{"@type":"SearchAction","target":{"@type":"EntryPoint","urlTemplate":"https:\/\/www.cantinettaantinori.mc\/fr\/?s={search_term_string}"},"query-input":{"@type":"PropertyValueSpecification","valueRequired":true,"valueName":"search_term_string"}}],"inLanguage":"fr-FR"}]}},"_links":{"self":[{"href":"https:\/\/www.cantinettaantinori.mc\/fr\/wp-json\/wp\/v2\/pages\/7215","targetHints":{"allow":["GET"]}}],"collection":[{"href":"https:\/\/www.cantinettaantinori.mc\/fr\/wp-json\/wp\/v2\/pages"}],"about":[{"href":"https:\/\/www.cantinettaantinori.mc\/fr\/wp-json\/wp\/v2\/types\/page"}],"author":[{"embeddable":true,"href":"https:\/\/www.cantinettaantinori.mc\/fr\/wp-json\/wp\/v2\/users\/1"}],"replies":[{"embeddable":true,"href":"https:\/\/www.cantinettaantinori.mc\/fr\/wp-json\/wp\/v2\/comments?post=7215"}],"version-history":[{"count":9,"href":"https:\/\/www.cantinettaantinori.mc\/fr\/wp-json\/wp\/v2\/pages\/7215\/revisions"}],"predecessor-version":[{"id":7355,"href":"https:\/\/www.cantinettaantinori.mc\/fr\/wp-json\/wp\/v2\/pages\/7215\/revisions\/7355"}],"wp:attachment":[{"href":"https:\/\/www.cantinettaantinori.mc\/fr\/wp-json\/wp\/v2\/media?parent=7215"}],"curies":[{"name":"wp","href":"https:\/\/api.w.org\/{rel}","templated":true}]}}